{"id":247,"date":"2021-11-08T15:09:51","date_gmt":"2021-11-08T15:09:51","guid":{"rendered":"https:\/\/www.eosphoria.de\/?page_id=247"},"modified":"2022-07-25T16:08:53","modified_gmt":"2022-07-25T16:08:53","slug":"instgram-giveaway","status":"publish","type":"page","link":"https:\/\/www.eosphoria.de\/?page_id=247","title":{"rendered":"Instagram Giveaway"},"content":{"rendered":"\n<p>These are the terms and conditions for my Instagram Giveaway. Please use a translator if you don&#8217;t speak German.<\/p>\n\n\n\n<p>The giveaway starts on 25.07.2022 19:00 german time and ends on 07.08.2022 19:00 german time.<\/p>\n\n\n\n<p>The giveaway is open worldwide. Please be aware, that shipping may take some time, especially when you&#8217;re living far away.<\/p>\n\n\n\n<p>You are allowed to take part if you&#8217;re an adult according to the laws in your country or if you have the permission by your parents to take part.<\/p>\n\n\n\n<div style=\"height:100px\" aria-hidden=\"true\" class=\"wp-block-spacer\"><\/div>\n\n\n\n<ol class=\"wp-block-list\"><li><strong>Veranstalter des Gewinnspiels:<\/strong><br>Irene Ebke<br>f\u00fcr mehr Informationen siehe <a href=\"https:\/\/www.eosphoria.de\/?page_id=50\">Impressum<\/a><\/li><li><strong>Instagram<\/strong><br>Dieses Gewinnspiel steht in keiner Verbindung zu INSTAGRAM und wird in keiner Weise von INSTAGRAM gesponsert, unterst\u00fctzt oder organisiert. INSTAGRAM steht dementsprechend auch nicht als Ansprechpartner bez\u00fcglich des Gewinnspiels zur Verf\u00fcgung. Teilnehmer k\u00f6nnen gegen INSTAGRAM keine Anspr\u00fcche geltend machen, die im Zusammenhang mit dem Gewinnspiel  stehen. <\/li><li><strong>Teilnahme<\/strong><br>Die Teilnahme erfolgt durch das Abonnieren\u00a0 der \u201eeos_journal\u201c  Instagramseite, das Liken und Kommentieren des Beitrags vom 25.07.2022, 19:00. Bei dem Gewinn handelt es sich um 1 Ringbuch A5 mit gr\u00fcnem Stoffeinband und 76 Washi Tapes second hand. Au\u00dferdem erh\u00e4lt der*die Gewinner*in 4 neue Washi Tapes von Soestrene Grene und 1 neues Washi Tape von @moehrenkunst. Die Ermittlung der Gewinner*in erfolgt durch Auslosung. Er*Sie wird nach dem 07.08.2022 per Nachricht angeschrieben und  muss sich bis innerhalb von 24h per Direktnachricht zur\u00fcckmelden. Eine Barauszahlung des Gewinnwertes bzw. ein Umtausch des Gewinns ist nicht  m\u00f6glich. Meldet sich ein*e Gewinner*in nicht bei mir zur\u00fcck, verliert sie\/er den  Anspruch auf den Gewinn, und es wird ein*e neue*r Gewinner*in ermittelt. <\/li><li><strong>Zur Teilnahme berechtigte Personen:<\/strong><br>Teilnehmen darf jede nat\u00fcrliche Person, die vollj\u00e4hrig ist, oder aber mit Erlaubnis der Eltern. Diese Erlaubnis muss auf Verlangen vorgezeigt werden k\u00f6nnen.<\/li><li><strong>Haftung<\/strong><br>Irene Ebke \u00fcbernimmt eine Haftung nur f\u00fcr solche Sch\u00e4den, die von Irene Ebke vors\u00e4tzlich oder grob fahrl\u00e4ssig oder durch die Verletzung von Kardinalspflichten verursacht wurden. Dies gilt nicht f\u00fcr Sch\u00e4den durch  die Verletzung von Leben, K\u00f6rper und\/oder Gesundheit. Die vorstehende  Haftungsbeschr\u00e4nkung gilt insbesondere f\u00fcr Sch\u00e4den durch Fehler, Verz\u00f6gerungen oder Unterbrechungen in der \u00dcbermittlung von Daten o. \u00e4.,  bei St\u00f6rungen der technischen Anlagen oder des Services, unrichtige  Inhalte, Verlust oder L\u00f6schung von Daten, Viren. F\u00fcr Sach- und\/oder  Rechtsm\u00e4ngel an dem Gewinn haftet Irene Ebke nicht. Auch im Falle der Besch\u00e4digung wird Irene Ebke keine Haftung  \u00fcbernehmen. <\/li><li><strong>Haftung f\u00fcr Nutzerbeitr\u00e4ge<\/strong><br>Die Teilnehmer erkl\u00e4ren sich damit einverstanden, dass deren Beitr\u00e4ge zur Gewinnspielaktion sowie deren Namen im Zusammenhang mit der Gewinnspielaktion, der Auslosung, Abwicklung oder Pr\u00e4sentation der Teilnehmerbeitr\u00e4ge von dem Veranstalter oder von dem Veranstalter beauftragten Dritten in Online- wie Offlinemedien (zum Beispiel auf der  Facebookseite, Website oder im Printbereich) Dritten \u00f6ffentlich bekannt gegeben werden. Die Einr\u00e4umung der vorstehend genannten Rechte dient alleine dem Betrieb  und der Zurverf\u00fcgungstellung der Gewinnspielaktion oder etwaiger Pr\u00e4sentation von Teilnahmebeitr\u00e4gen in Online- wie Printmedien.<\/li><li><strong>Daten<\/strong><br>Die von Teilnehmern \u00fcbermittelten personenbezogenen Daten werden ausschlie\u00dflich f\u00fcr Zwecke dieses Gewinnspiels verwendet. Nach Ende des Gewinnspiels werden s\u00e4mtliche von Irene Ebke gespeicherten personenbezogenen Daten der Teilnehmer gel\u00f6scht. Die Teilnehmenden des Gewinnspiels werden nicht  \u00f6ffentlich bekannt gegeben, sondern pers\u00f6nlich benachrichtigt. <\/li><li><strong>Rechtsweg<\/strong><br>Irene Ebke beh\u00e4lt sich das Recht vor, diese Teilnahmebedingungen jederzeit ohne vorherige Ank\u00fcndigung zu \u00e4ndern und\/oder die Verlosung zu beenden. Es findet ausschlie\u00dflich das Recht der Bundesrepublik Deutschland Anwendung. Der Rechtsweg ist  ausgeschlossen. <\/li><\/ol>\n","protected":false},"excerpt":{"rendered":"<p>These are the terms and conditions for my Instagram Giveaway. Please use a translator if you don&#8217;t speak German. The giveaway starts on 25.07.2022 19:00 german time and ends on 07.08.2022 19:00 german time. The giveaway is open worldwide. Please be aware, that shipping may take some time, especially when you&#8217;re living far away. You are allowed to take part if you&#8217;re an adult according to the laws in your country or if you have the permission by your parents to take part. Veranstalter des Gewinnspiels:Irene Ebkef\u00fcr mehr Informationen siehe Impressum InstagramDieses Gewinnspiel steht in keiner Verbindung zu INSTAGRAM und wird in keiner Weise von INSTAGRAM gesponsert, unterst\u00fctzt oder organisiert. INSTAGRAM steht dementsprechend auch nicht als Ansprechpartner bez\u00fcglich des Gewinnspiels zur Verf\u00fcgung. Teilnehmer k\u00f6nnen gegen INSTAGRAM keine Anspr\u00fcche geltend machen, die im Zusammenhang mit dem Gewinnspiel stehen. TeilnahmeDie Teilnahme erfolgt durch das Abonnieren\u00a0 der \u201eeos_journal\u201c Instagramseite, das Liken und Kommentieren des Beitrags vom 25.07.2022, 19:00. Bei dem Gewinn handelt es sich um 1 Ringbuch A5 mit gr\u00fcnem Stoffeinband und 76 Washi Tapes second hand. Au\u00dferdem erh\u00e4lt der*die Gewinner*in 4 neue Washi Tapes von Soestrene Grene und 1 neues Washi Tape von @moehrenkunst. Die Ermittlung der Gewinner*in erfolgt durch Auslosung. Er*Sie wird nach dem 07.08.2022 per Nachricht angeschrieben und muss sich bis innerhalb von 24h per Direktnachricht zur\u00fcckmelden. Eine Barauszahlung des Gewinnwertes bzw. ein Umtausch des Gewinns ist nicht m\u00f6glich. Meldet sich ein*e Gewinner*in nicht bei mir zur\u00fcck, verliert sie\/er den Anspruch auf den Gewinn, und es wird ein*e neue*r Gewinner*in ermittelt. Zur Teilnahme berechtigte Personen:Teilnehmen darf jede nat\u00fcrliche Person, die vollj\u00e4hrig ist, oder aber mit Erlaubnis der Eltern. Diese Erlaubnis muss auf Verlangen vorgezeigt werden k\u00f6nnen. HaftungIrene Ebke \u00fcbernimmt eine Haftung nur f\u00fcr solche Sch\u00e4den, die von Irene Ebke vors\u00e4tzlich oder grob fahrl\u00e4ssig oder durch die Verletzung von Kardinalspflichten verursacht wurden. Dies gilt nicht f\u00fcr Sch\u00e4den durch die Verletzung von Leben, K\u00f6rper und\/oder Gesundheit. Die vorstehende Haftungsbeschr\u00e4nkung gilt insbesondere f\u00fcr Sch\u00e4den durch Fehler, Verz\u00f6gerungen oder Unterbrechungen in der \u00dcbermittlung von Daten o. \u00e4., bei St\u00f6rungen der technischen Anlagen oder des Services, unrichtige Inhalte, Verlust oder L\u00f6schung von Daten, Viren. F\u00fcr Sach- und\/oder Rechtsm\u00e4ngel an dem Gewinn haftet Irene Ebke nicht. Auch im Falle der Besch\u00e4digung wird Irene Ebke keine Haftung \u00fcbernehmen. Haftung f\u00fcr Nutzerbeitr\u00e4geDie Teilnehmer erkl\u00e4ren sich damit einverstanden, dass deren Beitr\u00e4ge zur Gewinnspielaktion sowie deren Namen im Zusammenhang mit der Gewinnspielaktion, der Auslosung, Abwicklung oder Pr\u00e4sentation der Teilnehmerbeitr\u00e4ge von dem Veranstalter oder von dem Veranstalter beauftragten Dritten in Online- wie Offlinemedien (zum Beispiel auf der Facebookseite, Website oder im Printbereich) Dritten \u00f6ffentlich bekannt gegeben werden. Die Einr\u00e4umung der vorstehend genannten Rechte dient alleine dem Betrieb und der Zurverf\u00fcgungstellung der Gewinnspielaktion oder etwaiger Pr\u00e4sentation von Teilnahmebeitr\u00e4gen in Online- wie Printmedien. DatenDie von Teilnehmern \u00fcbermittelten personenbezogenen Daten werden ausschlie\u00dflich f\u00fcr Zwecke dieses Gewinnspiels verwendet. Nach Ende des Gewinnspiels werden s\u00e4mtliche von Irene Ebke gespeicherten personenbezogenen Daten der Teilnehmer gel\u00f6scht. Die Teilnehmenden des Gewinnspiels werden nicht \u00f6ffentlich bekannt gegeben, sondern pers\u00f6nlich benachrichtigt. RechtswegIrene Ebke beh\u00e4lt sich das Recht vor, diese Teilnahmebedingungen jederzeit ohne vorherige Ank\u00fcndigung zu \u00e4ndern und\/oder die Verlosung zu beenden. Es findet ausschlie\u00dflich das Recht der Bundesrepublik Deutschland Anwendung. Der Rechtsweg ist ausgeschlossen.<\/p>\n","protected":false},"author":1,"featured_media":0,"parent":0,"menu_order":0,"comment_status":"closed","ping_status":"closed","template":"","meta":{"footnotes":""},"class_list":["post-247","page","type-page","status-publish","hentry"],"_links":{"self":[{"href":"https:\/\/www.eosphoria.de\/index.php?rest_route=\/wp\/v2\/pages\/247","targetHints":{"allow":["GET"]}}],"collection":[{"href":"https:\/\/www.eosphoria.de\/index.php?rest_route=\/wp\/v2\/pages"}],"about":[{"href":"https:\/\/www.eosphoria.de\/index.php?rest_route=\/wp\/v2\/types\/page"}],"author":[{"embeddable":true,"href":"https:\/\/www.eosphoria.de\/index.php?rest_route=\/wp\/v2\/users\/1"}],"replies":[{"embeddable":true,"href":"https:\/\/www.eosphoria.de\/index.php?rest_route=%2Fwp%2Fv2%2Fcomments&post=247"}],"version-history":[{"count":7,"href":"https:\/\/www.eosphoria.de\/index.php?rest_route=\/wp\/v2\/pages\/247\/revisions"}],"predecessor-version":[{"id":342,"href":"https:\/\/www.eosphoria.de\/index.php?rest_route=\/wp\/v2\/pages\/247\/revisions\/342"}],"wp:attachment":[{"href":"https:\/\/www.eosphoria.de\/index.php?rest_route=%2Fwp%2Fv2%2Fmedia&parent=247"}],"curies":[{"name":"wp","href":"https:\/\/api.w.org\/{rel}","templated":true}]}}